{"id":5296,"date":"2024-12-27T16:49:58","date_gmt":"2024-12-27T12:49:58","guid":{"rendered":"https:\/\/www.indigo.az\/?page_id=5296"},"modified":"2024-12-27T19:33:10","modified_gmt":"2024-12-27T15:33:10","slug":"teklif-ve-iradlar","status":"publish","type":"page","link":"https:\/\/www.indigo.az\/ru\/teklif-ve-iradlar\/","title":{"rendered":"\u041f\u0440\u0435\u0434\u043b\u043e\u0436\u0435\u043d\u0438\u0435 \u0438 \u043a\u043e\u043c\u043c\u0435\u043d\u0442\u0430\u0440\u0438\u0438"},"content":{"rendered":"<div class=\"wpb-content-wrapper\"><div class=\"vc_row wpb_row vc_row-fluid\"><div class=\"wpb_column vc_column_container vc_col-sm-12 sc_layouts_column_icons_position_left\"><div class=\"vc_column-inner\"><div class=\"wpb_wrapper\"><div id=\"sc_content_277718332\"\n\t\tclass=\"sc_content color_style_default sc_content_bordered sc_float_center sc_padding_medium  vc_custom_1507799975716\"><div class=\"sc_content_container\">\n\t<div class=\"wpb_text_column wpb_content_element\" >\n\t\t<div class=\"wpb_wrapper\">\n\t\t\t<p>M\u00fc\u015ft\u0259ri m\u0259mnuniyy\u0259tini art\u0131rmaq, \u015f\u0259ffafl\u0131q v\u0259 etik d\u0259y\u0259rl\u0259ri qorumaq m\u0259qs\u0259dil\u0259 \u201c\u0130rad v\u0259 T\u0259klifl\u0259r\u201d anketi yaratm\u0131\u015f\u0131q. Formu doldurduqdan sonra m\u0259lumatlar\u0131 ara\u015fd\u0131racaq v\u0259 q\u0131sa zamanda siz\u0259 geri d\u00f6n\u00fc\u015f ed\u0259c\u0259yik.<\/p>\n<p>&nbsp;<\/p>\n<p>\u015eikay\u0259t v\u0259 ya t\u0259klifinizi g\u00f6nd\u0259r\u0259rk\u0259n n\u0259z\u0259r\u0259 al\u0131n:<br \/>\n* M\u0259lumatlar tam m\u0259xfidir v\u0259 anonimliyiniz qorunur.<br \/>\n* Z\u0259hm\u0259t olmasa, m\u0259lumat ver\u0259rk\u0259n m\u00fcmk\u00fcn q\u0259d\u0259r \u00e7ox t\u0259f\u0259rr\u00fcat t\u0259qdim edin. \u018fg\u0259r s\u00fcbutlar\u0131n\u0131z varsa, \u0259lav\u0259 edin. Bu, ara\u015fd\u0131rman\u0131n daha d\u0259qiq apar\u0131lmas\u0131na k\u00f6m\u0259k ed\u0259c\u0259kdir.<br \/>\n* M\u0259lumatlar real faktlara \u0259saslanmal\u0131d\u0131r. Yanl\u0131\u015f v\u0259 saxta m\u0259lumatlar verm\u0259kd\u0259n \u00e7\u0259kinm\u0259yiniz vacibdir.<\/p>\n<p>&nbsp;<\/p>\n<p><em><strong>Etik d\u0259y\u0259rl\u0259rimizi qoruyub saxlama\u011f\u0131m\u0131za t\u00f6hv\u0259 verdiyiniz \u00fc\u00e7\u00fcn t\u0259\u015f\u0259kk\u00fcr\u00a0edirik!<\/strong><\/em><\/p>\n\n\t\t<\/div>\n\t<\/div>\n<\/div><\/div><!-- \/.sc_content --><\/div><\/div><\/div><\/div><div class=\"vc_row wpb_row vc_row-fluid vc_row-o-full-height vc_row-o-columns-middle vc_row-flex\"><div class=\"wpb_column vc_column_container vc_col-sm-12 sc_layouts_column_icons_position_left\"><div class=\"vc_column-inner\"><div class=\"wpb_wrapper\"><div id=\"sc_content_568867970\"\n\t\tclass=\"sc_content color_style_default sc_content_default sc_content_width_1_1 sc_float_center\"><div class=\"sc_content_container\"><div class=\"wpforms-container wpforms-container-full wpforms-render-modern\" id=\"wpforms-5301\"><form id=\"wpforms-form-5301\" class=\"wpforms-validate wpforms-form wpforms-ajax-form\" data-formid=\"5301\" method=\"post\" enctype=\"multipart\/form-data\" action=\"\/ru\/wp-json\/wp\/v2\/pages\/5296?wpforms_form_id=5301\" data-token=\"8710e6460826377dac1d4de49cd7e11c\" data-token-time=\"1778295197\"><noscript class=\"wpforms-error-noscript\">\u0414\u043b\u044f \u0437\u0430\u043f\u043e\u043b\u043d\u0435\u043d\u0438\u044f \u0434\u0430\u043d\u043d\u043e\u0439 \u0444\u043e\u0440\u043c\u044b \u0432\u043a\u043b\u044e\u0447\u0438\u0442\u0435 JavaScript \u0432 \u0431\u0440\u0430\u0443\u0437\u0435\u0440\u0435.<\/noscript><div class=\"wpforms-hidden\" id=\"wpforms-error-noscript\">\u0414\u043b\u044f \u0437\u0430\u043f\u043e\u043b\u043d\u0435\u043d\u0438\u044f \u0434\u0430\u043d\u043d\u043e\u0439 \u0444\u043e\u0440\u043c\u044b \u0432\u043a\u043b\u044e\u0447\u0438\u0442\u0435 JavaScript \u0432 \u0431\u0440\u0430\u0443\u0437\u0435\u0440\u0435.<\/div><div class=\"wpforms-field-container\"><div id=\"wpforms-5301-field_2-container\" class=\"wpforms-field wpforms-field-html\" data-field-id=\"2\"><div id=\"wpforms-5301-field_2\" aria-errormessage=\"wpforms-5301-field_2-error\"><h2>\u015e\u0259xsi M\u0259lumatlar<\/h2><\/div><\/div><div id=\"wpforms-5301-field_3-container\" class=\"wpforms-field wpforms-field-name\" data-field-id=\"3\"><fieldset><legend class=\"wpforms-field-label\">Tam ad\u0131n\u0131z <span class=\"wpforms-required-label\" aria-hidden=\"true\">*<\/span><\/legend><div class=\"wpforms-field-row wpforms-field-medium\"><div class=\"wpforms-field-row-block wpforms-first wpforms-one-half\"><input type=\"text\" id=\"wpforms-5301-field_3\" class=\"wpforms-field-name-first wpforms-field-required\" name=\"wpforms[fields][3][first]\" aria-errormessage=\"wpforms-5301-field_3-error\" required><label for=\"wpforms-5301-field_3\" class=\"wpforms-field-sublabel after\">\u0418\u043c\u044f<\/label><\/div><div class=\"wpforms-field-row-block wpforms-one-half\"><input type=\"text\" id=\"wpforms-5301-field_3-last\" class=\"wpforms-field-name-last wpforms-field-required\" name=\"wpforms[fields][3][last]\" aria-errormessage=\"wpforms-5301-field_3-last-error\" required><label for=\"wpforms-5301-field_3-last\" class=\"wpforms-field-sublabel after\">\u0424\u0430\u043c\u0438\u043b\u0438\u044f<\/label><\/div><\/div><\/fieldset><\/div><div id=\"wpforms-5301-field_4-container\" class=\"wpforms-field wpforms-field-phone\" data-field-id=\"4\"><label class=\"wpforms-field-label\" for=\"wpforms-5301-field_4\">\u018flaq\u0259 n\u00f6mr\u0259si <span class=\"wpforms-required-label\" aria-hidden=\"true\">*<\/span><\/label><input type=\"tel\" id=\"wpforms-5301-field_4\" class=\"wpforms-field-medium wpforms-field-required wpforms-smart-phone-field\" data-rule-smart-phone-field=\"true\" name=\"wpforms[fields][4]\" aria-label=\"\u018flaq\u0259 n\u00f6mr\u0259si\" aria-errormessage=\"wpforms-5301-field_4-error\" required><\/div><div id=\"wpforms-5301-field_5-container\" class=\"wpforms-field wpforms-field-email\" data-field-id=\"5\"><label class=\"wpforms-field-label\" for=\"wpforms-5301-field_5\">E-po\u00e7t <span class=\"wpforms-required-label\" aria-hidden=\"true\">*<\/span><\/label><input type=\"email\" id=\"wpforms-5301-field_5\" class=\"wpforms-field-medium wpforms-field-required\" name=\"wpforms[fields][5]\" spellcheck=\"false\" aria-errormessage=\"wpforms-5301-field_5-error\" required><\/div><div id=\"wpforms-5301-field_7-container\" class=\"wpforms-field wpforms-field-checkbox\" data-field-id=\"7\"><fieldset><legend class=\"wpforms-field-label\">\u015eikay\u0259t v\u0259 t\u0259klif kateqoriyas\u0131 <span class=\"wpforms-required-label\" aria-hidden=\"true\">*<\/span><\/legend><ul id=\"wpforms-5301-field_7\" class=\"wpforms-field-required\"><li class=\"choice-1 depth-1\"><input type=\"checkbox\" id=\"wpforms-5301-field_7_1\" name=\"wpforms[fields][7][]\" value=\"\u00a0\u00a0Davran\u0131\u015f qaydalar\u0131n\u0131n pozulmas\u0131\" aria-errormessage=\"wpforms-5301-field_7_1-error\" required ><label class=\"wpforms-field-label-inline\" for=\"wpforms-5301-field_7_1\">\u00a0\u00a0Davran\u0131\u015f qaydalar\u0131n\u0131n pozulmas\u0131<\/label><\/li><li class=\"choice-2 depth-1\"><input type=\"checkbox\" id=\"wpforms-5301-field_7_2\" name=\"wpforms[fields][7][]\" value=\"\u00a0\u00a0\u018fm\u0259kda\u015f t\u0259r\u0259find\u0259n laqeydlik\" aria-errormessage=\"wpforms-5301-field_7_2-error\" required ><label class=\"wpforms-field-label-inline\" for=\"wpforms-5301-field_7_2\">\u00a0\u00a0\u018fm\u0259kda\u015f t\u0259r\u0259find\u0259n laqeydlik<\/label><\/li><li class=\"choice-3 depth-1\"><input type=\"checkbox\" id=\"wpforms-5301-field_7_3\" name=\"wpforms[fields][7][]\" value=\"\u00a0\u00a0M\u0259xfi m\u0259lumatlar\u0131n 3-c\u00fc t\u0259r\u0259f\u0259 a\u00e7\u0131qlanmas\u0131\" aria-errormessage=\"wpforms-5301-field_7_3-error\" required ><label class=\"wpforms-field-label-inline\" for=\"wpforms-5301-field_7_3\">\u00a0\u00a0M\u0259xfi m\u0259lumatlar\u0131n 3-c\u00fc t\u0259r\u0259f\u0259 a\u00e7\u0131qlanmas\u0131<\/label><\/li><li class=\"choice-4 depth-1\"><input type=\"checkbox\" id=\"wpforms-5301-field_7_4\" name=\"wpforms[fields][7][]\" value=\"\u00a0\u00a0Korrupsiya v\u0259 ya d\u0259l\u0259duzluq\u00a0hallar\u0131\" aria-errormessage=\"wpforms-5301-field_7_4-error\" required ><label class=\"wpforms-field-label-inline\" for=\"wpforms-5301-field_7_4\">\u00a0\u00a0Korrupsiya v\u0259 ya d\u0259l\u0259duzluq\u00a0hallar\u0131<\/label><\/li><li class=\"choice-5 depth-1\"><input type=\"checkbox\" id=\"wpforms-5301-field_7_5\" name=\"wpforms[fields][7][]\" value=\"\u00a0\u00a0Dig\u0259r hallar\" aria-errormessage=\"wpforms-5301-field_7_5-error\" required ><label class=\"wpforms-field-label-inline\" for=\"wpforms-5301-field_7_5\">\u00a0\u00a0Dig\u0259r hallar<\/label><\/li><\/ul><\/fieldset><\/div><div id=\"wpforms-5301-field_8-container\" class=\"wpforms-field wpforms-field-html\" data-field-id=\"8\"><div id=\"wpforms-5301-field_8\" aria-errormessage=\"wpforms-5301-field_8-error\"><h2>\u015eikay\u0259t v\u0259 ya t\u0259klif haqq\u0131nda t\u0259f\u0259rr\u00fcatlar<\/h2><\/div><\/div><div id=\"wpforms-5301-field_9-container\" class=\"wpforms-field wpforms-field-date-time\" data-field-id=\"9\"><fieldset><legend class=\"wpforms-field-label\">Tarix \/ saat <span class=\"wpforms-required-label\" aria-hidden=\"true\">*<\/span><\/legend><div class=\"wpforms-field-row wpforms-field-medium\"><div class=\"wpforms-field-row-block wpforms-date-type-datepicker\"><div class=\"wpforms-datepicker-wrap\"><input type=\"text\" id=\"wpforms-5301-field_9\" class=\"wpforms-field-date-time-date wpforms-datepicker wpforms-field-required\" data-date-format=\"m\/d\/Y\" data-disable-past-dates=\"0\" data-input=\"true\" name=\"wpforms[fields][9][date]\" aria-errormessage=\"wpforms-5301-field_9-error\" required><a title=\"\u041e\u0447\u0438\u0441\u0442\u0438\u0442\u044c \u0434\u0430\u0442\u0443\" data-clear class=\"wpforms-datepicker-clear\" style=\"display:none;\"><\/a><\/div><label for=\"wpforms-5301-field_9\" class=\"wpforms-field-sublabel after\">\u0414\u0430\u0442\u0430<\/label><\/div><div class=\"wpforms-field-row-block\"><input type=\"text\" id=\"wpforms-5301-field_9-time\" class=\"wpforms-field-date-time-time wpforms-timepicker wpforms-field-required\" data-time-format=\"g:i A\" data-step=\"30\" data-rule-time12h=\"true\" name=\"wpforms[fields][9][time]\" aria-errormessage=\"wpforms-5301-field_9-time-error\" required><label for=\"wpforms-5301-field_9-time\" class=\"wpforms-field-sublabel after\">\u0412\u0440\u0435\u043c\u044f<\/label><\/div><\/div><\/fieldset><\/div><div id=\"wpforms-5301-field_14-container\" class=\"wpforms-field wpforms-field-text\" data-field-id=\"14\"><label class=\"wpforms-field-label\" for=\"wpforms-5301-field_14\">Hadis\u0259nin ba\u015f verdiyi \u00fcnvan <span class=\"wpforms-required-label\" aria-hidden=\"true\">*<\/span><\/label><input type=\"text\" id=\"wpforms-5301-field_14\" class=\"wpforms-field-medium wpforms-field-required\" name=\"wpforms[fields][14]\" aria-errormessage=\"wpforms-5301-field_14-error\" required><\/div><div id=\"wpforms-5301-field_11-container\" class=\"wpforms-field wpforms-field-textarea\" data-field-id=\"11\"><label class=\"wpforms-field-label\" for=\"wpforms-5301-field_11\">Hadis\u0259nin t\u0259sviri <span class=\"wpforms-required-label\" aria-hidden=\"true\">*<\/span><\/label><textarea id=\"wpforms-5301-field_11\" class=\"wpforms-field-medium wpforms-field-required\" name=\"wpforms[fields][11]\" aria-errormessage=\"wpforms-5301-field_11-error\" required><\/textarea><\/div><div id=\"wpforms-5301-field_12-container\" class=\"wpforms-field wpforms-field-file-upload\" data-field-id=\"12\"><label class=\"wpforms-field-label\" for=\"wpforms-5301-field_12\">Fayllar\u0131n y\u00fckl\u0259nm\u0259si (\u0259g\u0259r varsa)<\/label><div\n\t\tclass=\"wpforms-uploader\"\n\t\tdata-field-id=\"12\"\n\t\tdata-form-id=\"5301\"\n\t\tdata-input-name=\"wpforms_5301_12\"\n\t\tdata-extensions=\"jpg,jpeg,jpe,gif,png,bmp,tiff,tif,webp,avif,ico,heic,heif,heics,heifs,asf,asx,wmv,wmx,wm,avi,divx,mov,qt,mpeg,mpg,mpe,mp4,m4v,ogv,webm,mkv,3gp,3gpp,3g2,3gp2,txt,asc,c,cc,h,srt,csv,tsv,ics,rtx,css,vtt,mp3,m4a,m4b,aac,ra,ram,wav,x-wav,ogg,oga,flac,mid,midi,wma,wax,mka,rtf,pdf,class,tar,zip,gz,gzip,rar,7z,psd,xcf,doc,pot,pps,ppt,wri,xla,xls,xlt,xlw,mpp,docx,docm,dotx,dotm,xlsx,xlsm,xlsb,xltx,xltm,xlam,pptx,pptm,ppsx,ppsm,potx,potm,ppam,sldx,sldm,onetoc,onetoc2,onepkg,oxps,xps,odt,odp,ods,odg,odc,odb,odf,wp,wpd,key,numbers,pages,svg,otf,ttf,woff,woff2\"\n\t\tdata-max-size=\"1073741824\"\n\t\tdata-max-file-number=\"1\"\n\t\tdata-post-max-size=\"1073741824\"\n\t\tdata-max-parallel-uploads=\"4\"\n\t\tdata-parallel-uploads=\"true\"\n\t\tdata-file-chunk-size=\"2097152\">\n\t<div class=\"dz-message\">\n\t\t<svg viewBox=\"0 0 1024 1024\" focusable=\"false\" data-icon=\"inbox\" width=\"50px\" height=\"50px\" fill=\"currentColor\" aria-hidden=\"true\">\n\t\t\t<path d=\"M885.2 446.3l-.2-.8-112.2-285.1c-5-16.1-19.9-27.2-36.8-27.2H281.2c-17 0-32.1 11.3-36.9 27.6L139.4 443l-.3.7-.2.8c-1.3 4.9-1.7 9.9-1 14.8-.1 1.6-.2 3.2-.2 4.8V830a60.9 60.9 0 0 0 60.8 60.8h627.2c33.5 0 60.8-27.3 60.9-60.8V464.1c0-1.3 0-2.6-.1-3.7.4-4.9 0-9.6-1.3-14.1zm-295.8-43l-.3 15.7c-.8 44.9-31.8 75.1-77.1 75.1-22.1 0-41.1-7.1-54.8-20.6S436 441.2 435.6 419l-.3-15.7H229.5L309 210h399.2l81.7 193.3H589.4zm-375 76.8h157.3c24.3 57.1 76 90.8 140.4 90.8 33.7 0 65-9.4 90.3-27.2 22.2-15.6 39.5-37.4 50.7-63.6h156.5V814H214.4V480.1z\"><\/path>\n\t\t<\/svg>\n\t\t<span class=\"modern-title\">\u041d\u0430\u0436\u043c\u0438\u0442\u0435 \u0438\u043b\u0438 \u043f\u0435\u0440\u0435\u0442\u0430\u0449\u0438\u0442\u0435 \u0444\u0430\u0439\u043b \u0432 \u044d\u0442\u0443 \u043e\u0431\u043b\u0430\u0441\u0442\u044c \u0434\u043b\u044f \u0437\u0430\u0433\u0440\u0443\u0437\u043a\u0438.<\/span>\n\n\t\t\t<\/div>\n<\/div>\n<input\n\t\ttype=\"text\"\n\t\tautocomplete=\"off\"\n\t\treadonly\n\t\tclass=\"dropzone-input\"\n\t\tstyle=\"position:absolute!important;clip:rect(0,0,0,0)!important;height:1px!important;width:1px!important;border:0!important;overflow:hidden!important;padding:0!important;margin:0!important;\"\n\t\tid=\"wpforms-5301-field_12\"\n\t\tname=\"wpforms_5301_12\" \t\tvalue=\"\">\n<\/div><div id=\"wpforms-5301-field_13-container\" class=\"wpforms-field wpforms-field-checkbox\" data-field-id=\"13\"><fieldset><legend class=\"wpforms-field-label\">Sizin \u015f\u0259xsi m\u0259lumatlar\u0131n\u0131z tam m\u0259xfi saxlan\u0131lacaq v\u0259 \u00fc\u00e7\u00fcnc\u00fc t\u0259r\u0259fl\u0259rl\u0259 payla\u015f\u0131lmayacaq. <span class=\"wpforms-required-label\" aria-hidden=\"true\">*<\/span><\/legend><ul id=\"wpforms-5301-field_13\" class=\"wpforms-field-required\"><li class=\"choice-1 depth-1\"><input type=\"checkbox\" id=\"wpforms-5301-field_13_1\" name=\"wpforms[fields][13][]\" value=\"\u00a0\u00a0M\u0259lumatlar\u0131n do\u011frulu\u011funu t\u0259sdiql\u0259yir\u0259m\" aria-errormessage=\"wpforms-5301-field_13_1-error\" required ><label class=\"wpforms-field-label-inline\" for=\"wpforms-5301-field_13_1\">\u00a0\u00a0M\u0259lumatlar\u0131n do\u011frulu\u011funu t\u0259sdiql\u0259yir\u0259m<\/label><\/li><\/ul><\/fieldset><\/div><\/div><!-- .wpforms-field-container --><div class=\"wpforms-submit-container\" ><input type=\"hidden\" name=\"wpforms[id]\" value=\"5301\"><input type=\"hidden\" name=\"page_title\" value=\"\"><input type=\"hidden\" name=\"page_url\" value=\"https:\/\/www.indigo.az\/ru\/wp-json\/wp\/v2\/pages\/5296\"><button type=\"submit\" name=\"wpforms[submit]\" id=\"wpforms-submit-5301\" class=\"wpforms-submit\" data-alt-text=\"G\u00f6nd\u0259rilir...\" data-submit-text=\"G\u00d6ND\u018fR\" aria-live=\"assertive\" value=\"wpforms-submit\">G\u00d6ND\u018fR<\/button><img data-opt-id=372931901  fetchpriority=\"high\" decoding=\"async\" src=\"https:\/\/mllfh1bcmrnl.i.optimole.com\/cb:R3zQ.50d23\/w:auto\/h:auto\/q:mauto\/f:best\/ig:avif\/https:\/\/www.indigo.az\/wp-content\/plugins\/wpforms\/assets\/images\/submit-spin.svg\" class=\"wpforms-submit-spinner\" style=\"display: none;\" width=\"26\" height=\"26\" alt=\"\u0417\u0430\u0433\u0440\u0443\u0437\u043a\u0430\"><\/div><\/form><\/div>  <!-- .wpforms-container --><\/div><\/div><!-- \/.sc_content --><\/div><\/div><\/div><\/div>\n<\/div>","protected":false},"excerpt":{"rendered":"\u041c\u044b \u0441\u043e\u0437\u0434\u0430\u043b\u0438 \u043e\u043f\u0440\u043e\u0441 \u00ab\u041a\u043e\u043c\u043c\u0435\u043d\u0442\u0430\u0440\u0438\u0438 \u0438 \u043f\u0440\u0435\u0434\u043b\u043e\u0436\u0435\u043d\u0438\u044f\u00bb \u0434\u043b\u044f \u043f\u043e\u0432\u044b\u0448\u0435\u043d\u0438\u044f \u0443\u0434\u043e\u0432\u043b\u0435\u0442\u0432\u043e\u0440\u0435\u043d\u043d\u043e\u0441\u0442\u0438 \u043a\u043b\u0438\u0435\u043d\u0442\u043e\u0432, \u043f\u043e\u0434\u0434\u0435\u0440\u0436\u0430\u043d\u0438\u044f \u043f\u0440\u043e\u0437\u0440\u0430\u0447\u043d\u043e\u0441\u0442\u0438 \u0438 \u0441\u043e\u0431\u043b\u044e\u0434\u0435\u043d\u0438\u044f \u044d\u0442\u0438\u0447\u0435\u0441\u043a\u0438\u0445 \u0446\u0435\u043d\u043d\u043e\u0441\u0442\u0435\u0439. \u041f\u043e\u0441\u043b\u0435 \u0437\u0430\u043f\u043e\u043b\u043d\u0435\u043d\u0438\u044f \u0444\u043e\u0440\u043c\u044b \u043c\u044b \u0440\u0430\u0441\u0441\u043c\u043e\u0442\u0440\u0438\u043c \u0438\u043d\u0444\u043e\u0440\u043c\u0430\u0446\u0438\u044e \u0438 \u0441\u0432\u044f\u0436\u0435\u043c\u0441\u044f \u0441 \u0432\u0430\u043c\u0438 \u0432 \u0431\u043b\u0438\u0436\u0430\u0439\u0448\u0435\u0435 \u0432\u0440\u0435\u043c\u044f.  \u041f\u0440\u0438 \u043e\u0442\u043f\u0440\u0430\u0432\u043a\u0435 \u0436\u0430\u043b\u043e\u0431\u044b \u0438\u043b\u0438 \u043f\u0440\u0435\u0434\u043b\u043e\u0436\u0435\u043d\u0438\u044f \u043e\u0431\u0440\u0430\u0442\u0438\u0442\u0435 \u0432\u043d\u0438\u043c\u0430\u043d\u0438\u0435: * \u0418\u043d\u0444\u043e\u0440\u043c\u0430\u0446\u0438\u044f \u043f\u043e\u043b\u043d\u043e\u0441\u0442\u044c\u044e \u043a\u043e\u043d\u0444\u0438\u0434\u0435\u043d\u0446\u0438\u0430\u043b\u044c\u043d\u0430, \u0438 \u0432\u0430\u0448\u0430 \u0430\u043d\u043e\u043d\u0438\u043c\u043d\u043e\u0441\u0442\u044c \u0437\u0430\u0449\u0438\u0449\u0435\u043d\u0430. * \u041f\u0440\u0438 \u043f\u0440\u0435\u0434\u043e\u0441\u0442\u0430\u0432\u043b\u0435\u043d\u0438\u0438 \u043e\u0442\u0447\u0435\u0442\u0430, \u043f\u043e\u0436\u0430\u043b\u0443\u0439\u0441\u0442\u0430, \u043f\u0440\u0435\u0434\u043e\u0441\u0442\u0430\u0432\u044c\u0442\u0435 \u043a\u0430\u043a \u043c\u043e\u0436\u043d\u043e \u0431\u043e\u043b\u044c\u0448\u0435 \u043f\u043e\u0434\u0440\u043e\u0431\u043d\u043e\u0441\u0442\u0435\u0439. \u0415\u0441\u043b\u0438 \u0443 \u0432\u0430\u0441 \u0435\u0441\u0442\u044c \u0434\u043e\u043a\u0430\u0437\u0430\u0442\u0435\u043b\u044c\u0441\u0442\u0432\u0430, \u043f\u043e\u0436\u0430\u043b\u0443\u0439\u0441\u0442\u0430, \u043f\u0440\u0438\u0432\u0435\u0434\u0438\u0442\u0435 \u0438\u0445. \u042d\u0442\u043e \u0441\u043a\u043e\u0440\u0435\u0435 \u0438\u0441\u0441\u043b\u0435\u0434\u043e\u0432\u0430\u043d\u0438\u0435...","protected":false},"author":1,"featured_media":0,"parent":0,"menu_order":0,"comment_status":"closed","ping_status":"closed","template":"","meta":{"rs_blank_template":"","rs_page_bg_color":"","slide_template_v7":"","footnotes":""},"class_list":["post-5296","page","type-page","status-publish","hentry"],"_links":{"self":[{"href":"https:\/\/www.indigo.az\/ru\/wp-json\/wp\/v2\/pages\/5296","targetHints":{"allow":["GET"]}}],"collection":[{"href":"https:\/\/www.indigo.az\/ru\/wp-json\/wp\/v2\/pages"}],"about":[{"href":"https:\/\/www.indigo.az\/ru\/wp-json\/wp\/v2\/types\/page"}],"author":[{"embeddable":true,"href":"https:\/\/www.indigo.az\/ru\/wp-json\/wp\/v2\/users\/1"}],"replies":[{"embeddable":true,"href":"https:\/\/www.indigo.az\/ru\/wp-json\/wp\/v2\/comments?post=5296"}],"version-history":[{"count":0,"href":"https:\/\/www.indigo.az\/ru\/wp-json\/wp\/v2\/pages\/5296\/revisions"}],"wp:attachment":[{"href":"https:\/\/www.indigo.az\/ru\/wp-json\/wp\/v2\/media?parent=5296"}],"curies":[{"name":"WP","href":"https:\/\/api.w.org\/{rel}","templated":true}]}}