{"id":5298,"date":"2024-12-27T16:57:59","date_gmt":"2024-12-27T12:57:59","guid":{"rendered":"https:\/\/www.indigo.az\/?page_id=5298"},"modified":"2025-02-03T13:51:31","modified_gmt":"2025-02-03T09:51:31","slug":"sorgu-gonder","status":"publish","type":"page","link":"https:\/\/www.indigo.az\/ru\/sorgu-gonder\/","title":{"rendered":"\u041e\u0442\u043f\u0440\u0430\u0432\u0438\u0442\u044c \u0437\u0430\u043f\u0440\u043e\u0441"},"content":{"rendered":"<div class=\"wpb-content-wrapper\"><div class=\"vc_row wpb_row vc_row-fluid\"><div class=\"wpb_column vc_column_container vc_col-sm-12 sc_layouts_column_icons_position_left\"><div class=\"vc_column-inner\"><div class=\"wpb_wrapper\"><div id=\"sc_content_376778067\"\n\t\tclass=\"sc_content color_style_default sc_content_bordered sc_float_center sc_padding_medium  vc_custom_1507799975716\"><div class=\"sc_content_container\">\n\t<div class=\"wpb_text_column wpb_content_element\" >\n\t\t<div class=\"wpb_wrapper\">\n\t\t\t<p>Keyfiyy\u0259tli v\u0259 s\u00fcr\u0259tli xidm\u0259t \u00fc\u00e7\u00fcn do\u011fru \u00fcnvandas\u0131n\u0131z.<\/p>\n<p>&nbsp;<\/p>\n<p>Z\u0259hm\u0259t olmasa, a\u015fa\u011f\u0131dak\u0131 formu doldurun. \u018fn q\u0131sa zamanda sizinl\u0259 \u0259laq\u0259 saxlayaca\u011f\u0131q.<\/p>\n\n\t\t<\/div>\n\t<\/div>\n<\/div><\/div><!-- \/.sc_content --><div id=\"sc_content_1198853016\"\n\t\tclass=\"sc_content color_style_default sc_content_default sc_float_center sc_padding_medium  vc_custom_1507799665085\"><div class=\"sc_content_container\"><div class=\"wpforms-container wpforms-container-full wpforms-render-modern\" id=\"wpforms-5342\"><form id=\"wpforms-form-5342\" class=\"wpforms-validate wpforms-form wpforms-ajax-form\" data-formid=\"5342\" method=\"post\" enctype=\"multipart\/form-data\" action=\"\/ru\/wp-json\/wp\/v2\/pages\/5298?wpforms_form_id=5342\" data-token=\"b1c515b7f3c00c3493eea0f440edbb1f\" data-token-time=\"1778298575\"><noscript class=\"wpforms-error-noscript\">\u0414\u043b\u044f \u0437\u0430\u043f\u043e\u043b\u043d\u0435\u043d\u0438\u044f \u0434\u0430\u043d\u043d\u043e\u0439 \u0444\u043e\u0440\u043c\u044b \u0432\u043a\u043b\u044e\u0447\u0438\u0442\u0435 JavaScript \u0432 \u0431\u0440\u0430\u0443\u0437\u0435\u0440\u0435.<\/noscript><div class=\"wpforms-hidden\" id=\"wpforms-error-noscript\">\u0414\u043b\u044f \u0437\u0430\u043f\u043e\u043b\u043d\u0435\u043d\u0438\u044f \u0434\u0430\u043d\u043d\u043e\u0439 \u0444\u043e\u0440\u043c\u044b \u0432\u043a\u043b\u044e\u0447\u0438\u0442\u0435 JavaScript \u0432 \u0431\u0440\u0430\u0443\u0437\u0435\u0440\u0435.<\/div><div class=\"wpforms-field-container\"><div id=\"wpforms-5342-field_1-container\" class=\"wpforms-field wpforms-field-html\" data-field-id=\"1\"><div id=\"wpforms-5342-field_1\" aria-errormessage=\"wpforms-5342-field_1-error\"><h2>\u015e\u0259xsi M\u0259lumatlar<\/h2><\/div><\/div><div id=\"wpforms-5342-field_2-container\" class=\"wpforms-field wpforms-field-name\" data-field-id=\"2\"><fieldset><legend class=\"wpforms-field-label\">Tam ad\u0131n\u0131z <span class=\"wpforms-required-label\" aria-hidden=\"true\">*<\/span><\/legend><div class=\"wpforms-field-row wpforms-field-medium\"><div class=\"wpforms-field-row-block wpforms-first wpforms-one-half\"><input type=\"text\" id=\"wpforms-5342-field_2\" class=\"wpforms-field-name-first wpforms-field-required\" name=\"wpforms[fields][2][first]\" aria-errormessage=\"wpforms-5342-field_2-error\" required><label for=\"wpforms-5342-field_2\" class=\"wpforms-field-sublabel after\">\u0418\u043c\u044f<\/label><\/div><div class=\"wpforms-field-row-block wpforms-one-half\"><input type=\"text\" id=\"wpforms-5342-field_2-last\" class=\"wpforms-field-name-last wpforms-field-required\" name=\"wpforms[fields][2][last]\" aria-errormessage=\"wpforms-5342-field_2-last-error\" required><label for=\"wpforms-5342-field_2-last\" class=\"wpforms-field-sublabel after\">\u0424\u0430\u043c\u0438\u043b\u0438\u044f<\/label><\/div><\/div><\/fieldset><\/div><div id=\"wpforms-5342-field_3-container\" class=\"wpforms-field wpforms-field-email\" data-field-id=\"3\"><label class=\"wpforms-field-label\" for=\"wpforms-5342-field_3\">\u00a0E-po\u00e7t <span class=\"wpforms-required-label\" aria-hidden=\"true\">*<\/span><\/label><input type=\"email\" id=\"wpforms-5342-field_3\" class=\"wpforms-field-medium wpforms-field-required\" name=\"wpforms[fields][3]\" spellcheck=\"false\" aria-errormessage=\"wpforms-5342-field_3-error\" required><\/div><div id=\"wpforms-5342-field_4-container\" class=\"wpforms-field wpforms-field-phone\" data-field-id=\"4\"><label class=\"wpforms-field-label\" for=\"wpforms-5342-field_4\">\u018flaq\u0259 telefonu <span class=\"wpforms-required-label\" aria-hidden=\"true\">*<\/span><\/label><input type=\"tel\" id=\"wpforms-5342-field_4\" class=\"wpforms-field-medium wpforms-field-required wpforms-smart-phone-field\" data-rule-smart-phone-field=\"true\" name=\"wpforms[fields][4]\" aria-label=\"\u018flaq\u0259 telefonu\" aria-errormessage=\"wpforms-5342-field_4-error\" required><\/div><div id=\"wpforms-5342-field_5-container\" class=\"wpforms-field wpforms-field-html\" data-field-id=\"5\"><div id=\"wpforms-5342-field_5\" aria-errormessage=\"wpforms-5342-field_5-error\"><h2>Sifari\u015f M\u0259lumatlar\u0131<\/h2><\/div><\/div><div id=\"wpforms-5342-field_7-container\" class=\"wpforms-field wpforms-field-text\" data-field-id=\"7\"><label class=\"wpforms-field-label\" for=\"wpforms-5342-field_7\">M\u0259hsulun n\u00f6v\u00fc <span class=\"wpforms-required-label\" aria-hidden=\"true\">*<\/span><\/label><input type=\"text\" id=\"wpforms-5342-field_7\" class=\"wpforms-field-medium wpforms-field-required\" name=\"wpforms[fields][7]\" aria-errormessage=\"wpforms-5342-field_7-error\" aria-describedby=\"wpforms-5342-field_7-description\" required><div id=\"wpforms-5342-field_7-description\" class=\"wpforms-field-description\">Buklet, vizitkart v\u0259 s.<\/div><\/div><div id=\"wpforms-5342-field_8-container\" class=\"wpforms-field wpforms-field-text\" data-field-id=\"8\"><label class=\"wpforms-field-label\" for=\"wpforms-5342-field_8\">\u00c7ap materiallar\u0131 <span class=\"wpforms-required-label\" aria-hidden=\"true\">*<\/span><\/label><input type=\"text\" id=\"wpforms-5342-field_8\" class=\"wpforms-field-medium wpforms-field-required\" name=\"wpforms[fields][8]\" aria-errormessage=\"wpforms-5342-field_8-error\" aria-describedby=\"wpforms-5342-field_8-description\" required><div id=\"wpforms-5342-field_8-description\" class=\"wpforms-field-description\">Ka\u011f\u0131z n\u00f6v\u00fc, qal\u0131nl\u0131q v\u0259 s.<\/div><\/div><div id=\"wpforms-5342-field_9-container\" class=\"wpforms-field wpforms-field-number\" data-field-id=\"9\"><label class=\"wpforms-field-label\" for=\"wpforms-5342-field_9\">M\u0259hsulun miqdar\u0131 <span class=\"wpforms-required-label\" aria-hidden=\"true\">*<\/span><\/label><input type=\"number\" id=\"wpforms-5342-field_9\" class=\"wpforms-field-medium wpforms-field-required\" name=\"wpforms[fields][9]\" aria-errormessage=\"wpforms-5342-field_9-error\" required><\/div><div id=\"wpforms-5342-field_10-container\" class=\"wpforms-field wpforms-field-file-upload\" data-field-id=\"10\"><label class=\"wpforms-field-label\" for=\"wpforms-5342-field_10\">Dizayn\u0131n\u0131z\u0131 y\u00fckl\u0259yin<\/label><div\n\t\tclass=\"wpforms-uploader\"\n\t\tdata-field-id=\"10\"\n\t\tdata-form-id=\"5342\"\n\t\tdata-input-name=\"wpforms_5342_10\"\n\t\tdata-extensions=\"pdf,jpeg\"\n\t\tdata-max-size=\"20971520\"\n\t\tdata-max-file-number=\"3\"\n\t\tdata-post-max-size=\"1073741824\"\n\t\tdata-max-parallel-uploads=\"4\"\n\t\tdata-parallel-uploads=\"true\"\n\t\tdata-file-chunk-size=\"2097152\">\n\t<div class=\"dz-message\">\n\t\t<svg viewBox=\"0 0 1024 1024\" focusable=\"false\" data-icon=\"inbox\" width=\"50px\" height=\"50px\" fill=\"currentColor\" aria-hidden=\"true\">\n\t\t\t<path d=\"M885.2 446.3l-.2-.8-112.2-285.1c-5-16.1-19.9-27.2-36.8-27.2H281.2c-17 0-32.1 11.3-36.9 27.6L139.4 443l-.3.7-.2.8c-1.3 4.9-1.7 9.9-1 14.8-.1 1.6-.2 3.2-.2 4.8V830a60.9 60.9 0 0 0 60.8 60.8h627.2c33.5 0 60.8-27.3 60.9-60.8V464.1c0-1.3 0-2.6-.1-3.7.4-4.9 0-9.6-1.3-14.1zm-295.8-43l-.3 15.7c-.8 44.9-31.8 75.1-77.1 75.1-22.1 0-41.1-7.1-54.8-20.6S436 441.2 435.6 419l-.3-15.7H229.5L309 210h399.2l81.7 193.3H589.4zm-375 76.8h157.3c24.3 57.1 76 90.8 140.4 90.8 33.7 0 65-9.4 90.3-27.2 22.2-15.6 39.5-37.4 50.7-63.6h156.5V814H214.4V480.1z\"><\/path>\n\t\t<\/svg>\n\t\t<span class=\"modern-title\">\u041d\u0430\u0436\u043c\u0438\u0442\u0435 \u0438\u043b\u0438 \u043f\u0435\u0440\u0435\u0442\u0430\u0449\u0438\u0442\u0435 \u0444\u0430\u0439\u043b\u044b \u0432 \u044d\u0442\u0443 \u043e\u0431\u043b\u0430\u0441\u0442\u044c \u0434\u043b\u044f \u0437\u0430\u0433\u0440\u0443\u0437\u043a\u0438.<\/span>\n\n\t\t\t\t\t<span class=\"modern-hint\">You can upload up to 3 files.<\/span>\n\t\t\t<\/div>\n<\/div>\n<input\n\t\ttype=\"text\"\n\t\tautocomplete=\"off\"\n\t\treadonly\n\t\tclass=\"dropzone-input\"\n\t\tstyle=\"position:absolute!important;clip:rect(0,0,0,0)!important;height:1px!important;width:1px!important;border:0!important;overflow:hidden!important;padding:0!important;margin:0!important;\"\n\t\tid=\"wpforms-5342-field_10\"\n\t\tname=\"wpforms_5342_10\" \t\tvalue=\"\">\n<div id=\"wpforms-5342-field_10-description\" class=\"wpforms-field-description\">PDF, Adobe Illustrator v\u0259 ya JPEG fayllar\u0131 d\u0259st\u0259kl\u0259nir<\/div><\/div><div id=\"wpforms-5342-field_11-container\" class=\"wpforms-field wpforms-field-textarea\" data-field-id=\"11\"><label class=\"wpforms-field-label\" for=\"wpforms-5342-field_11\">\u018flav\u0259 qeydl\u0259riniz<\/label><textarea id=\"wpforms-5342-field_11\" class=\"wpforms-field-medium\" name=\"wpforms[fields][11]\" aria-errormessage=\"wpforms-5342-field_11-error\" aria-describedby=\"wpforms-5342-field_11-description\" ><\/textarea><div id=\"wpforms-5342-field_11-description\" class=\"wpforms-field-description\">X\u00fcsusi t\u0259l\u0259bl\u0259r, \u00e7atd\u0131r\u0131lma v\u0259 s.<\/div><\/div><div id=\"wpforms-5342-field_12-container\" class=\"wpforms-field wpforms-field-html\" data-field-id=\"12\"><div id=\"wpforms-5342-field_12\" aria-errormessage=\"wpforms-5342-field_12-error\"><i>\u015e\u0259xsi m\u0259lumatlar\u0131n\u0131z tam m\u0259xfi saxlan\u0131lacaq v\u0259 \u00fc\u00e7\u00fcnc\u00fc t\u0259r\u0259fl\u0259rl\u0259 payla\u015f\u0131lmayacaq.<\/i><\/div><\/div><\/div><!-- .wpforms-field-container --><div class=\"wpforms-submit-container\" ><input type=\"hidden\" name=\"wpforms[id]\" value=\"5342\"><input type=\"hidden\" name=\"page_title\" value=\"\"><input type=\"hidden\" name=\"page_url\" value=\"https:\/\/www.indigo.az\/ru\/wp-json\/wp\/v2\/pages\/5298\"><button type=\"submit\" name=\"wpforms[submit]\" id=\"wpforms-submit-5342\" class=\"wpforms-submit\" data-alt-text=\"Sor\u011funuz email olunur...\" data-submit-text=\"G\u00d6ND\u018fR\" aria-live=\"assertive\" value=\"wpforms-submit\">G\u00d6ND\u018fR<\/button><img data-opt-id=372931901  fetchpriority=\"high\" decoding=\"async\" src=\"https:\/\/mllfh1bcmrnl.i.optimole.com\/cb:R3zQ.50d23\/w:auto\/h:auto\/q:mauto\/f:best\/ig:avif\/https:\/\/www.indigo.az\/wp-content\/plugins\/wpforms\/assets\/images\/submit-spin.svg\" class=\"wpforms-submit-spinner\" style=\"display: none;\" width=\"26\" height=\"26\" alt=\"\u0417\u0430\u0433\u0440\u0443\u0437\u043a\u0430\"><\/div><\/form><\/div>  <!-- .wpforms-container --><\/div><\/div><!-- \/.sc_content --><\/div><\/div><\/div><\/div>\n<\/div>","protected":false},"excerpt":{"rendered":"\u0412\u044b \u043d\u0430\u0445\u043e\u0434\u0438\u0442\u0435\u0441\u044c \u0432 \u043d\u0443\u0436\u043d\u043e\u043c \u043c\u0435\u0441\u0442\u0435, \u0433\u0434\u0435 \u0432\u0430\u043c \u043f\u0440\u0435\u0434\u043b\u043e\u0436\u0430\u0442 \u043a\u0430\u0447\u0435\u0441\u0442\u0432\u0435\u043d\u043d\u043e\u0435 \u0438 \u0431\u044b\u0441\u0442\u0440\u043e\u0435 \u043e\u0431\u0441\u043b\u0443\u0436\u0438\u0432\u0430\u043d\u0438\u0435.  \u041f\u043e\u0436\u0430\u043b\u0443\u0439\u0441\u0442\u0430, \u0437\u0430\u043f\u043e\u043b\u043d\u0438\u0442\u0435 \u0444\u043e\u0440\u043c\u0443 \u043d\u0438\u0436\u0435. \u041c\u044b \u0441\u0432\u044f\u0436\u0435\u043c\u0441\u044f \u0441 \u0432\u0430\u043c\u0438 \u043a\u0430\u043a \u043c\u043e\u0436\u043d\u043e \u0441\u043a\u043e\u0440\u0435\u0435. \u0414\u043b\u044f \u0437\u0430\u043f\u043e\u043d\u0435\u043d\u0438\u044f \u0434\u0430\u043d\u043d\u044b\u0445 \u0444\u043e\u0440\u043c \u0432\u043a\u043b\u044e\u0447\u0438\u0442\u0435 JavaScript \u0432 \u0432\u0430\u0448\u0435\u043c \u0431\u0440\u0430\u0443\u0437\u0435\u0440\u0435.","protected":false},"author":1,"featured_media":0,"parent":0,"menu_order":0,"comment_status":"closed","ping_status":"closed","template":"","meta":{"rs_blank_template":"","rs_page_bg_color":"","slide_template_v7":"","footnotes":""},"class_list":["post-5298","page","type-page","status-publish","hentry"],"_links":{"self":[{"href":"https:\/\/www.indigo.az\/ru\/wp-json\/wp\/v2\/pages\/5298","targetHints":{"allow":["GET"]}}],"collection":[{"href":"https:\/\/www.indigo.az\/ru\/wp-json\/wp\/v2\/pages"}],"about":[{"href":"https:\/\/www.indigo.az\/ru\/wp-json\/wp\/v2\/types\/page"}],"author":[{"embeddable":true,"href":"https:\/\/www.indigo.az\/ru\/wp-json\/wp\/v2\/users\/1"}],"replies":[{"embeddable":true,"href":"https:\/\/www.indigo.az\/ru\/wp-json\/wp\/v2\/comments?post=5298"}],"version-history":[{"count":0,"href":"https:\/\/www.indigo.az\/ru\/wp-json\/wp\/v2\/pages\/5298\/revisions"}],"wp:attachment":[{"href":"https:\/\/www.indigo.az\/ru\/wp-json\/wp\/v2\/media?parent=5298"}],"curies":[{"name":"WP","href":"https:\/\/api.w.org\/{rel}","templated":true}]}}